{"id":188,"date":"2024-05-22T09:52:24","date_gmt":"2024-05-22T07:52:24","guid":{"rendered":"http:\/\/edelsteine-melchers.de\/impressum\/"},"modified":"2026-01-09T09:17:49","modified_gmt":"2026-01-09T08:17:49","slug":"imprint","status":"publish","type":"page","link":"https:\/\/melchers-edelsteine.de\/en\/impressum\/","title":{"rendered":"Imprint"},"content":{"rendered":"<div data-elementor-type=\"wp-page\" data-elementor-id=\"188\" class=\"elementor elementor-188\" data-elementor-post-type=\"page\">\n\t\t\t\t<div class=\"elementor-element elementor-element-4bc2e11d e-con-full e-flex e-con e-parent\" data-id=\"4bc2e11d\" data-element_type=\"container\" data-e-type=\"container\" data-settings=\"{&quot;background_background&quot;:&quot;classic&quot;}\">\n\t\t<div class=\"elementor-element elementor-element-1d481779 e-con-full e-flex e-con e-child\" data-id=\"1d481779\" data-element_type=\"container\" data-e-type=\"container\" data-settings=\"{&quot;background_background&quot;:&quot;classic&quot;}\">\n\t\t\t\t<div class=\"elementor-element elementor-element-544368f9 elementor-widget elementor-widget-heading\" data-id=\"544368f9\" data-element_type=\"widget\" data-e-type=\"widget\" data-widget_type=\"heading.default\">\n\t\t\t\t<div class=\"elementor-widget-container\">\n\t\t\t\t\t<h1 class=\"elementor-heading-title elementor-size-default\">Imprint<\/h1>\t\t\t\t<\/div>\n\t\t\t\t<\/div>\n\t\t\t\t<\/div>\n\t\t\t\t<\/div>\n\t\t<div class=\"elementor-element elementor-element-4c7731dc e-con-full e-flex e-con e-parent\" data-id=\"4c7731dc\" data-element_type=\"container\" data-e-type=\"container\" data-settings=\"{&quot;background_background&quot;:&quot;classic&quot;}\">\n\t\t<div class=\"elementor-element elementor-element-3fef0d19 e-con-full e-flex e-con e-child\" data-id=\"3fef0d19\" data-element_type=\"container\" data-e-type=\"container\">\n\t\t\t\t<div class=\"elementor-element elementor-element-1e855c1e elementor-widget elementor-widget-heading\" data-id=\"1e855c1e\" data-element_type=\"widget\" data-e-type=\"widget\" data-widget_type=\"heading.default\">\n\t\t\t\t<div class=\"elementor-widget-container\">\n\t\t\t\t\t<h2 class=\"elementor-heading-title elementor-size-default\">Imprint<\/h2>\t\t\t\t<\/div>\n\t\t\t\t<\/div>\n\t\t\t\t<div class=\"elementor-element elementor-element-1c132dbf elementor-widget elementor-widget-text-editor\" data-id=\"1c132dbf\" data-element_type=\"widget\" data-e-type=\"widget\" data-widget_type=\"text-editor.default\">\n\t\t\t\t<div class=\"elementor-widget-container\">\n\t\t\t\t\t\t\t\t\t<p>C. Melchers GmbH &amp; Co. KG<br \/>Schlachte 39\/40<br \/>28195 Bremen<br \/>Germany<\/p><p>Phone: +49 421 1769 0<br \/>Fax: +49 421 1769 3401<br \/>E-mail: info@melchers.de<\/p><p>Bremen headquarters<br \/>Bremen Local Court, HRA 10118 <br \/>VAT: DE 114396160<\/p><p>Personally Liable Partner:<br \/>Melchers Management GmbH<br \/>Bremen headquarters<br \/>Bremen Local Court, HRB 7337<\/p><p>Managing Partners:<br \/>Nicolas C. S. Helms<br \/>Dirk S\u00e4nger<br \/>Anton Melchers<br \/>Dr. Andreas Holzh\u00fcter<\/p><p>Responsible for the content according to \u00a7 55 Abs. 2 RStV: Dirk S\u00e4nger (Management)<\/p>\t\t\t\t\t\t\t\t<\/div>\n\t\t\t\t<\/div>\n\t\t\t\t<\/div>\n\t\t\t\t<\/div>\n\t\t\t\t<\/div>","protected":false},"excerpt":{"rendered":"<p>Impressum Impressum C. Melchers GmbH &amp; Co. KGSchlachte 39\/4028195 BremenGermany Telefon: +49 421 1769 0Fax: +49 421 1769 3401E-Mail: info@melchers.de Sitz BremenAmtsgericht Bremen, HRA 10118 VAT: DE 114396160 Pers\u00f6nlich haftende Gesellschafterin:Melchers Management GmbHSitz BremenAmtsgericht Bremen, HRB 7337 Gesch\u00e4ftsf\u00fchrende Gesellschafter:Nicolas C. S. HelmsDirk S\u00e4ngerAnton MelchersDr. Andreas Holzh\u00fcter Verantwortlich f\u00fcr den Inhalt nach \u00a7 55 Abs. 2 [&hellip;]<\/p>\n","protected":false},"author":9,"featured_media":0,"parent":0,"menu_order":0,"comment_status":"closed","ping_status":"closed","template":"","meta":{"footnotes":""},"class_list":["post-188","page","type-page","status-publish","hentry"],"_links":{"self":[{"href":"https:\/\/melchers-edelsteine.de\/en\/wp-json\/wp\/v2\/pages\/188","targetHints":{"allow":["GET"]}}],"collection":[{"href":"https:\/\/melchers-edelsteine.de\/en\/wp-json\/wp\/v2\/pages"}],"about":[{"href":"https:\/\/melchers-edelsteine.de\/en\/wp-json\/wp\/v2\/types\/page"}],"author":[{"embeddable":true,"href":"https:\/\/melchers-edelsteine.de\/en\/wp-json\/wp\/v2\/users\/9"}],"replies":[{"embeddable":true,"href":"https:\/\/melchers-edelsteine.de\/en\/wp-json\/wp\/v2\/comments?post=188"}],"version-history":[{"count":13,"href":"https:\/\/melchers-edelsteine.de\/en\/wp-json\/wp\/v2\/pages\/188\/revisions"}],"predecessor-version":[{"id":4635,"href":"https:\/\/melchers-edelsteine.de\/en\/wp-json\/wp\/v2\/pages\/188\/revisions\/4635"}],"wp:attachment":[{"href":"https:\/\/melchers-edelsteine.de\/en\/wp-json\/wp\/v2\/media?parent=188"}],"curies":[{"name":"wp","href":"https:\/\/api.w.org\/{rel}","templated":true}]}}